{"id":866,"date":"2018-10-28T11:01:43","date_gmt":"2018-10-28T11:01:43","guid":{"rendered":"https:\/\/miriamtorrente.com\/about-me\/"},"modified":"2023-05-08T09:52:50","modified_gmt":"2023-05-08T09:52:50","slug":"about-me","status":"publish","type":"page","link":"https:\/\/www.miriamtorrente.com\/it\/about-me\/","title":{"rendered":"About Me"},"content":{"rendered":"\t\t<div data-elementor-type=\"wp-post\" data-elementor-id=\"866\" class=\"elementor elementor-866 elementor-148\" data-elementor-post-type=\"page\">\n\t\t\t\t\t\t<section class=\"elementor-section elementor-top-section elementor-element elementor-element-c921780 elementor-section-boxed elementor-section-height-default elementor-section-height-default\" data-id=\"c921780\" data-element_type=\"section\">\n\t\t\t\t\t\t<div class=\"elementor-container elementor-column-gap-default\">\n\t\t\t\t\t<div class=\"elementor-column elementor-col-100 elementor-top-column elementor-element elementor-element-90bcd6b\" data-id=\"90bcd6b\" data-element_type=\"column\">\n\t\t\t<div class=\"elementor-widget-wrap elementor-element-populated\">\n\t\t\t\t\t\t<div class=\"elementor-element elementor-element-b83ee1c elementor-widget elementor-widget-heading\" data-id=\"b83ee1c\" data-element_type=\"widget\" data-widget_type=\"heading.default\">\n\t\t\t\t<div class=\"elementor-widget-container\">\n\t\t\t\t\t<h4 class=\"elementor-heading-title elementor-size-default\">About  ME<\/h4>\t\t\t\t<\/div>\n\t\t\t\t<\/div>\n\t\t\t\t<div class=\"elementor-element elementor-element-ad15260 elementor-widget-divider--view-line elementor-widget elementor-widget-divider\" data-id=\"ad15260\" data-element_type=\"widget\" data-widget_type=\"divider.default\">\n\t\t\t\t<div class=\"elementor-widget-container\">\n\t\t\t\t\t\t\t<div class=\"elementor-divider\">\n\t\t\t<span class=\"elementor-divider-separator\">\n\t\t\t\t\t\t<\/span>\n\t\t<\/div>\n\t\t\t\t\t\t<\/div>\n\t\t\t\t<\/div>\n\t\t\t\t\t<\/div>\n\t\t<\/div>\n\t\t\t\t\t<\/div>\n\t\t<\/section>\n\t\t\t\t<section class=\"elementor-section elementor-top-section elementor-element elementor-element-74ffe367 elementor-section-content-middle elementor-reverse-mobile elementor-section-boxed elementor-section-height-default elementor-section-height-default\" data-id=\"74ffe367\" data-element_type=\"section\">\n\t\t\t\t\t\t<div class=\"elementor-container elementor-column-gap-no\">\n\t\t\t\t\t<div class=\"elementor-column elementor-col-50 elementor-top-column elementor-element elementor-element-44dbc7ec\" data-id=\"44dbc7ec\" data-element_type=\"column\">\n\t\t\t<div class=\"elementor-widget-wrap elementor-element-populated\">\n\t\t\t\t\t\t<div class=\"elementor-element elementor-element-3ae2ad17 elementor-widget elementor-widget-text-editor\" data-id=\"3ae2ad17\" data-element_type=\"widget\" data-widget_type=\"text-editor.default\">\n\t\t\t\t<div class=\"elementor-widget-container\">\n\t\t\t\t\t\t\t\t\t<p>Soy consultora de Marketing Digital y New Media Strategist Freelance, especializada en:<br>Estrategia online, Community Management, campa\u00f1as Meta&nbsp; (Instagram y Facebook), Campa\u00f1as Ads en TikTok, Spotify, Youtube y Google para PYMES, Startups, Eventos y E-commerces.&nbsp;<br>Licenciada en Administraci\u00f3n y Direcci\u00f3n de empresas en la Universidad de Barcelona, y tengo un Master en Marketing y Comunicaci\u00f3n en Aforisma Business School (Italia) <br>Hice el Erasmus en el a\u00f1o 2005 en Lecce (Puglia) y desde el 2008 que trabajo como experta en Redes Sociales, consultora para la digitalizaci\u00f3n de peque\u00f1as y medianas empresas, new media strategist y formadora.<br>Durante estos a\u00f1os me he podido especializar en diferentes sectores: Food &amp; Beverage, Fashion, Eventos, Salud, Belleza, startups, Turismo, Industria musical y Business to Business.<br>Me considero creativa, curiosa, apasionada de las nuevas tecnolog\u00edas, startups, apps y Realidad aumentada.&nbsp;<\/p>\t\t\t\t\t\t\t\t<\/div>\n\t\t\t\t<\/div>\n\t\t\t\t\t<\/div>\n\t\t<\/div>\n\t\t\t\t<div class=\"elementor-column elementor-col-50 elementor-top-column elementor-element elementor-element-1d724ec\" data-id=\"1d724ec\" data-element_type=\"column\" data-settings=\"{&quot;motion_fx_motion_fx_scrolling&quot;:&quot;yes&quot;,&quot;motion_fx_translateY_effect&quot;:&quot;yes&quot;,&quot;motion_fx_translateY_speed&quot;:{&quot;unit&quot;:&quot;px&quot;,&quot;size&quot;:4,&quot;sizes&quot;:[]},&quot;motion_fx_translateY_affectedRange&quot;:{&quot;unit&quot;:&quot;%&quot;,&quot;size&quot;:&quot;&quot;,&quot;sizes&quot;:{&quot;start&quot;:0,&quot;end&quot;:100}},&quot;motion_fx_devices&quot;:[&quot;desktop&quot;,&quot;tablet&quot;,&quot;mobile&quot;]}\">\n\t\t\t<div class=\"elementor-widget-wrap elementor-element-populated\">\n\t\t\t\t\t\t<div class=\"elementor-element elementor-element-2eac53d elementor-widget elementor-widget-image\" data-id=\"2eac53d\" data-element_type=\"widget\" data-widget_type=\"image.default\">\n\t\t\t\t<div class=\"elementor-widget-container\">\n\t\t\t\t\t\t\t\t\t\t\t\t\t\t\t<img fetchpriority=\"high\" decoding=\"async\" width=\"960\" height=\"720\" src=\"https:\/\/www.miriamtorrente.com\/wp-content\/uploads\/2021\/01\/about-me-1.jpg\" class=\"attachment-full size-full wp-image-542\" alt=\"\" srcset=\"https:\/\/www.miriamtorrente.com\/wp-content\/uploads\/2021\/01\/about-me-1.jpg 960w, https:\/\/www.miriamtorrente.com\/wp-content\/uploads\/2021\/01\/about-me-1-600x450.jpg 600w, https:\/\/www.miriamtorrente.com\/wp-content\/uploads\/2021\/01\/about-me-1-300x225.jpg 300w, https:\/\/www.miriamtorrente.com\/wp-content\/uploads\/2021\/01\/about-me-1-768x576.jpg 768w\" sizes=\"(max-width: 960px) 100vw, 960px\" \/>\t\t\t\t\t\t\t\t\t\t\t\t\t\t\t<\/div>\n\t\t\t\t<\/div>\n\t\t\t\t\t<\/div>\n\t\t<\/div>\n\t\t\t\t\t<\/div>\n\t\t<\/section>\n\t\t\t\t<section class=\"elementor-section elementor-top-section elementor-element elementor-element-e130b63 elementor-section-content-middle elementor-section-boxed elementor-section-height-default elementor-section-height-default\" data-id=\"e130b63\" data-element_type=\"section\">\n\t\t\t\t\t\t<div class=\"elementor-container elementor-column-gap-no\">\n\t\t\t\t\t<div class=\"elementor-column elementor-col-50 elementor-top-column elementor-element elementor-element-20b1ad8\" data-id=\"20b1ad8\" data-element_type=\"column\" data-settings=\"{&quot;motion_fx_motion_fx_scrolling&quot;:&quot;yes&quot;,&quot;motion_fx_translateY_effect&quot;:&quot;yes&quot;,&quot;motion_fx_translateY_direction&quot;:&quot;negative&quot;,&quot;motion_fx_translateY_speed&quot;:{&quot;unit&quot;:&quot;px&quot;,&quot;size&quot;:2.5,&quot;sizes&quot;:[]},&quot;motion_fx_devices&quot;:[&quot;desktop&quot;],&quot;motion_fx_translateY_affectedRange&quot;:{&quot;unit&quot;:&quot;%&quot;,&quot;size&quot;:&quot;&quot;,&quot;sizes&quot;:{&quot;start&quot;:0,&quot;end&quot;:100}}}\">\n\t\t\t<div class=\"elementor-widget-wrap elementor-element-populated\">\n\t\t\t\t\t\t<div class=\"elementor-element elementor-element-482adf6 elementor-widget elementor-widget-image\" data-id=\"482adf6\" data-element_type=\"widget\" data-widget_type=\"image.default\">\n\t\t\t\t<div class=\"elementor-widget-container\">\n\t\t\t\t\t\t\t\t\t\t\t\t\t\t\t<img decoding=\"async\" width=\"1264\" height=\"468\" src=\"https:\/\/www.miriamtorrente.com\/wp-content\/uploads\/2021\/01\/About-me-2.jpg\" class=\"attachment-full size-full wp-image-541\" alt=\"\" srcset=\"https:\/\/www.miriamtorrente.com\/wp-content\/uploads\/2021\/01\/About-me-2.jpg 1264w, https:\/\/www.miriamtorrente.com\/wp-content\/uploads\/2021\/01\/About-me-2-600x222.jpg 600w, https:\/\/www.miriamtorrente.com\/wp-content\/uploads\/2021\/01\/About-me-2-300x111.jpg 300w, https:\/\/www.miriamtorrente.com\/wp-content\/uploads\/2021\/01\/About-me-2-1024x379.jpg 1024w, https:\/\/www.miriamtorrente.com\/wp-content\/uploads\/2021\/01\/About-me-2-768x284.jpg 768w\" sizes=\"(max-width: 1264px) 100vw, 1264px\" \/>\t\t\t\t\t\t\t\t\t\t\t\t\t\t\t<\/div>\n\t\t\t\t<\/div>\n\t\t\t\t\t<\/div>\n\t\t<\/div>\n\t\t\t\t<div class=\"elementor-column elementor-col-50 elementor-top-column elementor-element elementor-element-c7e28dc\" data-id=\"c7e28dc\" data-element_type=\"column\">\n\t\t\t<div class=\"elementor-widget-wrap elementor-element-populated\">\n\t\t\t\t\t\t<div class=\"elementor-element elementor-element-fad64d6 elementor-widget elementor-widget-text-editor\" data-id=\"fad64d6\" data-element_type=\"widget\" data-widget_type=\"text-editor.default\">\n\t\t\t\t<div class=\"elementor-widget-container\">\n\t\t\t\t\t\t\t\t\t<p><span style=\"font-size: 15px;\">Soy la fundadora del grupo de Facebook m\u00e1s grande en Italia dedicado a las redes sociales y a la comunicaci\u00f3n digital y el marketing online. El grupo \u201cSocial Media Marketing Italy\u201d fue fundado en el 2011y consta con m\u00e1s de 40.000 miembros. Un espacio donde poder dialogar sobre novedades, curiosidades, nuevas tendencias del mundo Social. Un grupo donde compartir todas las novedades, analizar las diferentes medios y explicar los casos de \u00e9xito personales.<\/span><br><\/p><p>Adem\u00e1s soy autora del manual Crisis Managememt 2.0, un peque\u00f1o manual que habla de c\u00f3mo sobrevivir en el mundo online y de c\u00f3mo afrontar los comentarios negativos y de c\u00f3mo evitarlos.<\/p>\t\t\t\t\t\t\t\t<\/div>\n\t\t\t\t<\/div>\n\t\t\t\t\t<\/div>\n\t\t<\/div>\n\t\t\t\t\t<\/div>\n\t\t<\/section>\n\t\t\t\t<section class=\"elementor-section elementor-top-section elementor-element elementor-element-7d3aae9 elementor-section-boxed elementor-section-height-default elementor-section-height-default\" data-id=\"7d3aae9\" data-element_type=\"section\">\n\t\t\t\t\t\t<div class=\"elementor-container elementor-column-gap-default\">\n\t\t\t\t\t<div class=\"elementor-column elementor-col-100 elementor-top-column elementor-element elementor-element-7387b19\" data-id=\"7387b19\" data-element_type=\"column\">\n\t\t\t<div class=\"elementor-widget-wrap elementor-element-populated\">\n\t\t\t\t\t\t<div class=\"elementor-element elementor-element-4a54e88 elementor-widget elementor-widget-spacer\" data-id=\"4a54e88\" data-element_type=\"widget\" data-widget_type=\"spacer.default\">\n\t\t\t\t<div class=\"elementor-widget-container\">\n\t\t\t\t\t\t\t<div class=\"elementor-spacer\">\n\t\t\t<div class=\"elementor-spacer-inner\"><\/div>\n\t\t<\/div>\n\t\t\t\t\t\t<\/div>\n\t\t\t\t<\/div>\n\t\t\t\t\t<\/div>\n\t\t<\/div>\n\t\t\t\t\t<\/div>\n\t\t<\/section>\n\t\t\t\t<\/div>\n\t\t","protected":false},"excerpt":{"rendered":"<p>About ME Soy consultora de Marketing Digital y New Media Strategist Freelance, especializada en:Estrategia online, Community Management, campa\u00f1as Meta&nbsp; (Instagram y Facebook), Campa\u00f1as Ads en TikTok, Spotify, Youtube y Google para PYMES, Startups, Eventos y E-commerces.&nbsp;Licenciada en Administraci\u00f3n y Direcci\u00f3n de empresas en la Universidad de Barcelona, y tengo un Master en Marketing y Comunicaci\u00f3n [&hellip;]<\/p>\n","protected":false},"author":1,"featured_media":0,"parent":0,"menu_order":0,"comment_status":"closed","ping_status":"closed","template":"","meta":{"ocean_post_layout":"full-screen","ocean_both_sidebars_style":"","ocean_both_sidebars_content_width":0,"ocean_both_sidebars_sidebars_width":0,"ocean_sidebar":"0","ocean_second_sidebar":"0","ocean_disable_margins":"enable","ocean_add_body_class":"","ocean_shortcode_before_top_bar":"","ocean_shortcode_after_top_bar":"","ocean_shortcode_before_header":"","ocean_shortcode_after_header":"","ocean_has_shortcode":"","ocean_shortcode_after_title":"","ocean_shortcode_before_footer_widgets":"","ocean_shortcode_after_footer_widgets":"","ocean_shortcode_before_footer_bottom":"","ocean_shortcode_after_footer_bottom":"","ocean_display_top_bar":"default","ocean_display_header":"default","ocean_header_style":"","ocean_center_header_left_menu":"0","ocean_custom_header_template":"0","ocean_custom_logo":0,"ocean_custom_retina_logo":0,"ocean_custom_logo_max_width":0,"ocean_custom_logo_tablet_max_width":0,"ocean_custom_logo_mobile_max_width":0,"ocean_custom_logo_max_height":0,"ocean_custom_logo_tablet_max_height":0,"ocean_custom_logo_mobile_max_height":0,"ocean_header_custom_menu":"0","ocean_menu_typo_font_family":"0","ocean_menu_typo_font_subset":"","ocean_menu_typo_font_size":0,"ocean_menu_typo_font_size_tablet":0,"ocean_menu_typo_font_size_mobile":0,"ocean_menu_typo_font_size_unit":"px","ocean_menu_typo_font_weight":"","ocean_menu_typo_font_weight_tablet":"","ocean_menu_typo_font_weight_mobile":"","ocean_menu_typo_transform":"","ocean_menu_typo_transform_tablet":"","ocean_menu_typo_transform_mobile":"","ocean_menu_typo_line_height":0,"ocean_menu_typo_line_height_tablet":0,"ocean_menu_typo_line_height_mobile":0,"ocean_menu_typo_line_height_unit":"","ocean_menu_typo_spacing":0,"ocean_menu_typo_spacing_tablet":0,"ocean_menu_typo_spacing_mobile":0,"ocean_menu_typo_spacing_unit":"","ocean_menu_link_color":"","ocean_menu_link_color_hover":"","ocean_menu_link_color_active":"","ocean_menu_link_background":"","ocean_menu_link_hover_background":"","ocean_menu_link_active_background":"","ocean_menu_social_links_bg":"","ocean_menu_social_hover_links_bg":"","ocean_menu_social_links_color":"","ocean_menu_social_hover_links_color":"","ocean_disable_title":"default","ocean_disable_heading":"default","ocean_post_title":"","ocean_post_subheading":"","ocean_post_title_style":"","ocean_post_title_background_color":"","ocean_post_title_background":0,"ocean_post_title_bg_image_position":"","ocean_post_title_bg_image_attachment":"","ocean_post_title_bg_image_repeat":"","ocean_post_title_bg_image_size":"","ocean_post_title_height":0,"ocean_post_title_bg_overlay":0.5,"ocean_post_title_bg_overlay_color":"","ocean_disable_breadcrumbs":"default","ocean_breadcrumbs_color":"","ocean_breadcrumbs_separator_color":"","ocean_breadcrumbs_links_color":"","ocean_breadcrumbs_links_hover_color":"","ocean_display_footer_widgets":"default","ocean_display_footer_bottom":"default","ocean_custom_footer_template":"0","_glsr_average":0,"_glsr_ranking":0,"_glsr_reviews":0,"footnotes":""},"class_list":["post-866","page","type-page","status-publish","hentry","entry"],"yoast_head":"<!-- This site is optimized with the Yoast SEO plugin v26.7 - https:\/\/yoast.com\/wordpress\/plugins\/seo\/ -->\n<title>Asesora de Marketing Digital y New Media Strategist Freelance.<\/title>\n<meta name=\"robots\" content=\"index, follow, max-snippet:-1, max-image-preview:large, max-video-preview:-1\" \/>\n<link rel=\"canonical\" href=\"https:\/\/www.miriamtorrente.com\/it\/about-me\/\" \/>\n<meta property=\"og:locale\" content=\"it_IT\" \/>\n<meta property=\"og:type\" content=\"article\" \/>\n<meta property=\"og:title\" content=\"Asesora de Marketing Digital y New Media Strategist Freelance.\" \/>\n<meta property=\"og:description\" content=\"About ME Soy consultora de Marketing Digital y New Media Strategist Freelance, especializada en:Estrategia online, Community Management, campa\u00f1as Meta&nbsp; (Instagram y Facebook), Campa\u00f1as Ads en TikTok, Spotify, Youtube y Google para PYMES, Startups, Eventos y E-commerces.&nbsp;Licenciada en Administraci\u00f3n y Direcci\u00f3n de empresas en la Universidad de Barcelona, y tengo un Master en Marketing y Comunicaci\u00f3n [&hellip;]\" \/>\n<meta property=\"og:url\" content=\"https:\/\/www.miriamtorrente.com\/it\/about-me\/\" \/>\n<meta property=\"og:site_name\" content=\"Miriam Torrente\" \/>\n<meta property=\"article:publisher\" content=\"https:\/\/www.facebook.com\/miriam.torrente1\" \/>\n<meta property=\"article:modified_time\" content=\"2023-05-08T09:52:50+00:00\" \/>\n<meta property=\"og:image\" content=\"https:\/\/www.miriamtorrente.com\/wp-content\/uploads\/2021\/01\/about-me-1.jpg\" \/>\n<meta name=\"twitter:card\" content=\"summary_large_image\" \/>\n<meta name=\"twitter:label1\" content=\"Tempo di lettura stimato\" \/>\n\t<meta name=\"twitter:data1\" content=\"1 minuto\" \/>\n<script type=\"application\/ld+json\" class=\"yoast-schema-graph\">{\"@context\":\"https:\/\/schema.org\",\"@graph\":[{\"@type\":\"WebPage\",\"@id\":\"https:\/\/www.miriamtorrente.com\/it\/about-me\/\",\"url\":\"https:\/\/www.miriamtorrente.com\/it\/about-me\/\",\"name\":\"Asesora de Marketing Digital y New Media Strategist Freelance.\",\"isPartOf\":{\"@id\":\"https:\/\/www.miriamtorrente.com\/it\/#website\"},\"primaryImageOfPage\":{\"@id\":\"https:\/\/www.miriamtorrente.com\/it\/about-me\/#primaryimage\"},\"image\":{\"@id\":\"https:\/\/www.miriamtorrente.com\/it\/about-me\/#primaryimage\"},\"thumbnailUrl\":\"https:\/\/www.miriamtorrente.com\/wp-content\/uploads\/2021\/01\/about-me-1.jpg\",\"datePublished\":\"2018-10-28T11:01:43+00:00\",\"dateModified\":\"2023-05-08T09:52:50+00:00\",\"breadcrumb\":{\"@id\":\"https:\/\/www.miriamtorrente.com\/it\/about-me\/#breadcrumb\"},\"inLanguage\":\"it-IT\",\"potentialAction\":[{\"@type\":\"ReadAction\",\"target\":[\"https:\/\/www.miriamtorrente.com\/it\/about-me\/\"]}]},{\"@type\":\"ImageObject\",\"inLanguage\":\"it-IT\",\"@id\":\"https:\/\/www.miriamtorrente.com\/it\/about-me\/#primaryimage\",\"url\":\"https:\/\/www.miriamtorrente.com\/wp-content\/uploads\/2021\/01\/about-me-1.jpg\",\"contentUrl\":\"https:\/\/www.miriamtorrente.com\/wp-content\/uploads\/2021\/01\/about-me-1.jpg\"},{\"@type\":\"BreadcrumbList\",\"@id\":\"https:\/\/www.miriamtorrente.com\/it\/about-me\/#breadcrumb\",\"itemListElement\":[{\"@type\":\"ListItem\",\"position\":1,\"name\":\"Portada\",\"item\":\"https:\/\/www.miriamtorrente.com\/it\/home\/\"},{\"@type\":\"ListItem\",\"position\":2,\"name\":\"About Me\"}]},{\"@type\":\"WebSite\",\"@id\":\"https:\/\/www.miriamtorrente.com\/it\/#website\",\"url\":\"https:\/\/www.miriamtorrente.com\/it\/\",\"name\":\"Miriam Torrente\",\"description\":\"Miriam Torrente\",\"publisher\":{\"@id\":\"https:\/\/www.miriamtorrente.com\/it\/#\/schema\/person\/5f46bcf951df66c4dee578600519c662\"},\"potentialAction\":[{\"@type\":\"SearchAction\",\"target\":{\"@type\":\"EntryPoint\",\"urlTemplate\":\"https:\/\/www.miriamtorrente.com\/it\/?s={search_term_string}\"},\"query-input\":{\"@type\":\"PropertyValueSpecification\",\"valueRequired\":true,\"valueName\":\"search_term_string\"}}],\"inLanguage\":\"it-IT\"},{\"@type\":[\"Person\",\"Organization\"],\"@id\":\"https:\/\/www.miriamtorrente.com\/it\/#\/schema\/person\/5f46bcf951df66c4dee578600519c662\",\"name\":\"miriam\",\"image\":{\"@type\":\"ImageObject\",\"inLanguage\":\"it-IT\",\"@id\":\"https:\/\/www.miriamtorrente.com\/it\/#\/schema\/person\/image\/\",\"url\":\"https:\/\/www.miriamtorrente.com\/wp-content\/uploads\/2021\/01\/cropped-LOGO-MIRIAM-TORRENTE-1-e1610531374330.png\",\"contentUrl\":\"https:\/\/www.miriamtorrente.com\/wp-content\/uploads\/2021\/01\/cropped-LOGO-MIRIAM-TORRENTE-1-e1610531374330.png\",\"width\":150,\"height\":139,\"caption\":\"miriam\"},\"logo\":{\"@id\":\"https:\/\/www.miriamtorrente.com\/it\/#\/schema\/person\/image\/\"},\"sameAs\":[\"https:\/\/www.facebook.com\/miriam.torrente1\",\"https:\/\/www.instagram.com\/miriamtorrente\",\"https:\/\/www.linkedin.com\/in\/miriamtorrente\"]}]}<\/script>\n<!-- \/ Yoast SEO plugin. -->","yoast_head_json":{"title":"Asesora de Marketing Digital y New Media Strategist Freelance.","robots":{"index":"index","follow":"follow","max-snippet":"max-snippet:-1","max-image-preview":"max-image-preview:large","max-video-preview":"max-video-preview:-1"},"canonical":"https:\/\/www.miriamtorrente.com\/it\/about-me\/","og_locale":"it_IT","og_type":"article","og_title":"Asesora de Marketing Digital y New Media Strategist Freelance.","og_description":"About ME Soy consultora de Marketing Digital y New Media Strategist Freelance, especializada en:Estrategia online, Community Management, campa\u00f1as Meta&nbsp; (Instagram y Facebook), Campa\u00f1as Ads en TikTok, Spotify, Youtube y Google para PYMES, Startups, Eventos y E-commerces.&nbsp;Licenciada en Administraci\u00f3n y Direcci\u00f3n de empresas en la Universidad de Barcelona, y tengo un Master en Marketing y Comunicaci\u00f3n [&hellip;]","og_url":"https:\/\/www.miriamtorrente.com\/it\/about-me\/","og_site_name":"Miriam Torrente","article_publisher":"https:\/\/www.facebook.com\/miriam.torrente1","article_modified_time":"2023-05-08T09:52:50+00:00","og_image":[{"url":"https:\/\/www.miriamtorrente.com\/wp-content\/uploads\/2021\/01\/about-me-1.jpg","type":"","width":"","height":""}],"twitter_card":"summary_large_image","twitter_misc":{"Tempo di lettura stimato":"1 minuto"},"schema":{"@context":"https:\/\/schema.org","@graph":[{"@type":"WebPage","@id":"https:\/\/www.miriamtorrente.com\/it\/about-me\/","url":"https:\/\/www.miriamtorrente.com\/it\/about-me\/","name":"Asesora de Marketing Digital y New Media Strategist Freelance.","isPartOf":{"@id":"https:\/\/www.miriamtorrente.com\/it\/#website"},"primaryImageOfPage":{"@id":"https:\/\/www.miriamtorrente.com\/it\/about-me\/#primaryimage"},"image":{"@id":"https:\/\/www.miriamtorrente.com\/it\/about-me\/#primaryimage"},"thumbnailUrl":"https:\/\/www.miriamtorrente.com\/wp-content\/uploads\/2021\/01\/about-me-1.jpg","datePublished":"2018-10-28T11:01:43+00:00","dateModified":"2023-05-08T09:52:50+00:00","breadcrumb":{"@id":"https:\/\/www.miriamtorrente.com\/it\/about-me\/#breadcrumb"},"inLanguage":"it-IT","potentialAction":[{"@type":"ReadAction","target":["https:\/\/www.miriamtorrente.com\/it\/about-me\/"]}]},{"@type":"ImageObject","inLanguage":"it-IT","@id":"https:\/\/www.miriamtorrente.com\/it\/about-me\/#primaryimage","url":"https:\/\/www.miriamtorrente.com\/wp-content\/uploads\/2021\/01\/about-me-1.jpg","contentUrl":"https:\/\/www.miriamtorrente.com\/wp-content\/uploads\/2021\/01\/about-me-1.jpg"},{"@type":"BreadcrumbList","@id":"https:\/\/www.miriamtorrente.com\/it\/about-me\/#breadcrumb","itemListElement":[{"@type":"ListItem","position":1,"name":"Portada","item":"https:\/\/www.miriamtorrente.com\/it\/home\/"},{"@type":"ListItem","position":2,"name":"About Me"}]},{"@type":"WebSite","@id":"https:\/\/www.miriamtorrente.com\/it\/#website","url":"https:\/\/www.miriamtorrente.com\/it\/","name":"Miriam Torrente","description":"Miriam Torrente","publisher":{"@id":"https:\/\/www.miriamtorrente.com\/it\/#\/schema\/person\/5f46bcf951df66c4dee578600519c662"},"potentialAction":[{"@type":"SearchAction","target":{"@type":"EntryPoint","urlTemplate":"https:\/\/www.miriamtorrente.com\/it\/?s={search_term_string}"},"query-input":{"@type":"PropertyValueSpecification","valueRequired":true,"valueName":"search_term_string"}}],"inLanguage":"it-IT"},{"@type":["Person","Organization"],"@id":"https:\/\/www.miriamtorrente.com\/it\/#\/schema\/person\/5f46bcf951df66c4dee578600519c662","name":"miriam","image":{"@type":"ImageObject","inLanguage":"it-IT","@id":"https:\/\/www.miriamtorrente.com\/it\/#\/schema\/person\/image\/","url":"https:\/\/www.miriamtorrente.com\/wp-content\/uploads\/2021\/01\/cropped-LOGO-MIRIAM-TORRENTE-1-e1610531374330.png","contentUrl":"https:\/\/www.miriamtorrente.com\/wp-content\/uploads\/2021\/01\/cropped-LOGO-MIRIAM-TORRENTE-1-e1610531374330.png","width":150,"height":139,"caption":"miriam"},"logo":{"@id":"https:\/\/www.miriamtorrente.com\/it\/#\/schema\/person\/image\/"},"sameAs":["https:\/\/www.facebook.com\/miriam.torrente1","https:\/\/www.instagram.com\/miriamtorrente","https:\/\/www.linkedin.com\/in\/miriamtorrente"]}]}},"_links":{"self":[{"href":"https:\/\/www.miriamtorrente.com\/it\/wp-json\/wp\/v2\/pages\/866","targetHints":{"allow":["GET"]}}],"collection":[{"href":"https:\/\/www.miriamtorrente.com\/it\/wp-json\/wp\/v2\/pages"}],"about":[{"href":"https:\/\/www.miriamtorrente.com\/it\/wp-json\/wp\/v2\/types\/page"}],"author":[{"embeddable":true,"href":"https:\/\/www.miriamtorrente.com\/it\/wp-json\/wp\/v2\/users\/1"}],"replies":[{"embeddable":true,"href":"https:\/\/www.miriamtorrente.com\/it\/wp-json\/wp\/v2\/comments?post=866"}],"version-history":[{"count":0,"href":"https:\/\/www.miriamtorrente.com\/it\/wp-json\/wp\/v2\/pages\/866\/revisions"}],"wp:attachment":[{"href":"https:\/\/www.miriamtorrente.com\/it\/wp-json\/wp\/v2\/media?parent=866"}],"curies":[{"name":"wp","href":"https:\/\/api.w.org\/{rel}","templated":true}]}}