{"id":707,"date":"2018-10-28T11:01:25","date_gmt":"2018-10-28T11:01:25","guid":{"rendered":"https:\/\/miriamtorrente.com\/home\/"},"modified":"2021-09-20T14:12:12","modified_gmt":"2021-09-20T14:12:12","slug":"home","status":"publish","type":"page","link":"https:\/\/www.miriamtorrente.com\/it\/","title":{"rendered":"Home"},"content":{"rendered":"\t\t<div data-elementor-type=\"wp-post\" data-elementor-id=\"707\" class=\"elementor elementor-707 elementor-146\" data-elementor-post-type=\"page\">\n\t\t\t\t\t\t<section class=\"elementor-section elementor-top-section elementor-element elementor-element-b0ee0eb elementor-section-height-min-height elementor-section-full_width elementor-section-items-stretch elementor-section-stretched elementor-section-height-default\" data-id=\"b0ee0eb\" data-element_type=\"section\" data-settings=\"{&quot;background_background&quot;:&quot;classic&quot;,&quot;stretch_section&quot;:&quot;section-stretched&quot;}\">\n\t\t\t\t\t\t\t<div class=\"elementor-background-overlay\"><\/div>\n\t\t\t\t\t\t\t<div class=\"elementor-container elementor-column-gap-default\">\n\t\t\t\t\t<div class=\"elementor-column elementor-col-100 elementor-top-column elementor-element elementor-element-0e19f61\" data-id=\"0e19f61\" data-element_type=\"column\">\n\t\t\t<div class=\"elementor-widget-wrap elementor-element-populated\">\n\t\t\t\t\t\t<div class=\"elementor-element elementor-element-9ef03ad elementor-widget elementor-widget-spacer\" data-id=\"9ef03ad\" data-element_type=\"widget\" data-widget_type=\"spacer.default\">\n\t\t\t\t<div class=\"elementor-widget-container\">\n\t\t\t\t\t\t\t<div class=\"elementor-spacer\">\n\t\t\t<div class=\"elementor-spacer-inner\"><\/div>\n\t\t<\/div>\n\t\t\t\t\t\t<\/div>\n\t\t\t\t<\/div>\n\t\t\t\t\t<\/div>\n\t\t<\/div>\n\t\t\t\t\t<\/div>\n\t\t<\/section>\n\t\t\t\t<section class=\"elementor-section elementor-top-section elementor-element elementor-element-7724a55 elementor-section-boxed elementor-section-height-default elementor-section-height-default\" data-id=\"7724a55\" data-element_type=\"section\">\n\t\t\t\t\t\t<div class=\"elementor-container elementor-column-gap-default\">\n\t\t\t\t\t<div class=\"elementor-column elementor-col-33 elementor-top-column elementor-element elementor-element-3dff986\" data-id=\"3dff986\" data-element_type=\"column\">\n\t\t\t<div class=\"elementor-widget-wrap elementor-element-populated\">\n\t\t\t\t\t\t<div class=\"elementor-element elementor-element-aeedea8 elementor-view-stacked elementor-shape-circle elementor-position-block-start elementor-mobile-position-block-start elementor-widget elementor-widget-icon-box\" data-id=\"aeedea8\" data-element_type=\"widget\" data-widget_type=\"icon-box.default\">\n\t\t\t\t<div class=\"elementor-widget-container\">\n\t\t\t\t\t\t\t<div class=\"elementor-icon-box-wrapper\">\n\n\t\t\t\t\t\t<div class=\"elementor-icon-box-icon\">\n\t\t\t\t<span  class=\"elementor-icon\">\n\t\t\t\t<i aria-hidden=\"true\" class=\"fas fa-user-graduate\"><\/i>\t\t\t\t<\/span>\n\t\t\t<\/div>\n\t\t\t\n\t\t\t\t\t\t<div class=\"elementor-icon-box-content\">\n\n\t\t\t\t\t\t\t\t\t<h3 class=\"elementor-icon-box-title\">\n\t\t\t\t\t\t<span  >\n\t\t\t\t\t\t\tFORMAZIONE\t\t\t\t\t\t<\/span>\n\t\t\t\t\t<\/h3>\n\t\t\t\t\n\t\t\t\t\t\t\t\t\t<p class=\"elementor-icon-box-description\">\n\t\t\t\t\t\tVuoi imparare a gestire i social media della tua attivit\u00e0 e a raggiungere i tuoi obiettivi autonomamente?\t\t\t\t\t<\/p>\n\t\t\t\t\n\t\t\t<\/div>\n\t\t\t\n\t\t<\/div>\n\t\t\t\t\t\t<\/div>\n\t\t\t\t<\/div>\n\t\t\t\t<div class=\"elementor-element elementor-element-8eff844 elementor-align-center elementor-widget elementor-widget-button\" data-id=\"8eff844\" data-element_type=\"widget\" data-widget_type=\"button.default\">\n\t\t\t\t<div class=\"elementor-widget-container\">\n\t\t\t\t\t\t\t\t\t<div class=\"elementor-button-wrapper\">\n\t\t\t\t\t<a class=\"elementor-button elementor-button-link elementor-size-sm\" href=\"https:\/\/www.miriamtorrente.com\/servicios\/\">\n\t\t\t\t\t\t<span class=\"elementor-button-content-wrapper\">\n\t\t\t\t\t\t\t\t\t<span class=\"elementor-button-text\">PI\u00d9 INFO<\/span>\n\t\t\t\t\t<\/span>\n\t\t\t\t\t<\/a>\n\t\t\t\t<\/div>\n\t\t\t\t\t\t\t\t<\/div>\n\t\t\t\t<\/div>\n\t\t\t\t\t<\/div>\n\t\t<\/div>\n\t\t\t\t<div class=\"elementor-column elementor-col-33 elementor-top-column elementor-element elementor-element-5b1b6da\" data-id=\"5b1b6da\" data-element_type=\"column\">\n\t\t\t<div class=\"elementor-widget-wrap elementor-element-populated\">\n\t\t\t\t\t\t<div class=\"elementor-element elementor-element-8f1aecf elementor-view-stacked elementor-shape-circle elementor-position-block-start elementor-mobile-position-block-start elementor-widget elementor-widget-icon-box\" data-id=\"8f1aecf\" data-element_type=\"widget\" data-widget_type=\"icon-box.default\">\n\t\t\t\t<div class=\"elementor-widget-container\">\n\t\t\t\t\t\t\t<div class=\"elementor-icon-box-wrapper\">\n\n\t\t\t\t\t\t<div class=\"elementor-icon-box-icon\">\n\t\t\t\t<span  class=\"elementor-icon\">\n\t\t\t\t<i aria-hidden=\"true\" class=\"fas fa-hands-helping\"><\/i>\t\t\t\t<\/span>\n\t\t\t<\/div>\n\t\t\t\n\t\t\t\t\t\t<div class=\"elementor-icon-box-content\">\n\n\t\t\t\t\t\t\t\t\t<h3 class=\"elementor-icon-box-title\">\n\t\t\t\t\t\t<span  >\n\t\t\t\t\t\t\tCONSULENZA\t\t\t\t\t\t<\/span>\n\t\t\t\t\t<\/h3>\n\t\t\t\t\n\t\t\t\t\t\t\t\t\t<p class=\"elementor-icon-box-description\">\n\t\t\t\t\t\tVuoi ottimizzare le tue campagne pubblicitarie o la tua strategia di marketing digitale? \n\t\t\t\t\t<\/p>\n\t\t\t\t\n\t\t\t<\/div>\n\t\t\t\n\t\t<\/div>\n\t\t\t\t\t\t<\/div>\n\t\t\t\t<\/div>\n\t\t\t\t<div class=\"elementor-element elementor-element-009ca59 elementor-align-center elementor-widget elementor-widget-button\" data-id=\"009ca59\" data-element_type=\"widget\" data-widget_type=\"button.default\">\n\t\t\t\t<div class=\"elementor-widget-container\">\n\t\t\t\t\t\t\t\t\t<div class=\"elementor-button-wrapper\">\n\t\t\t\t\t<a class=\"elementor-button elementor-button-link elementor-size-sm\" href=\"https:\/\/www.miriamtorrente.com\/servicios\/\">\n\t\t\t\t\t\t<span class=\"elementor-button-content-wrapper\">\n\t\t\t\t\t\t\t\t\t<span class=\"elementor-button-text\">PI\u00d9 INFO<\/span>\n\t\t\t\t\t<\/span>\n\t\t\t\t\t<\/a>\n\t\t\t\t<\/div>\n\t\t\t\t\t\t\t\t<\/div>\n\t\t\t\t<\/div>\n\t\t\t\t\t<\/div>\n\t\t<\/div>\n\t\t\t\t<div class=\"elementor-column elementor-col-33 elementor-top-column elementor-element elementor-element-b1e979f\" data-id=\"b1e979f\" data-element_type=\"column\">\n\t\t\t<div class=\"elementor-widget-wrap elementor-element-populated\">\n\t\t\t\t\t\t<div class=\"elementor-element elementor-element-f553669 elementor-view-stacked elementor-shape-circle elementor-position-block-start elementor-mobile-position-block-start elementor-widget elementor-widget-icon-box\" data-id=\"f553669\" data-element_type=\"widget\" data-widget_type=\"icon-box.default\">\n\t\t\t\t<div class=\"elementor-widget-container\">\n\t\t\t\t\t\t\t<div class=\"elementor-icon-box-wrapper\">\n\n\t\t\t\t\t\t<div class=\"elementor-icon-box-icon\">\n\t\t\t\t<span  class=\"elementor-icon\">\n\t\t\t\t<i aria-hidden=\"true\" class=\"fas fa-mobile-alt\"><\/i>\t\t\t\t<\/span>\n\t\t\t<\/div>\n\t\t\t\n\t\t\t\t\t\t<div class=\"elementor-icon-box-content\">\n\n\t\t\t\t\t\t\t\t\t<h3 class=\"elementor-icon-box-title\">\n\t\t\t\t\t\t<span  >\n\t\t\t\t\t\t\tMARKETING DIGITALE\t\t\t\t\t\t<\/span>\n\t\t\t\t\t<\/h3>\n\t\t\t\t\n\t\t\t\t\t\t\t\t\t<p class=\"elementor-icon-box-description\">\n\t\t\t\t\t\tVuoi che ti aiuto nella gestione dei social media e a raggiungere i tuoi obiettivi?\t\t\t\t\t<\/p>\n\t\t\t\t\n\t\t\t<\/div>\n\t\t\t\n\t\t<\/div>\n\t\t\t\t\t\t<\/div>\n\t\t\t\t<\/div>\n\t\t\t\t<div class=\"elementor-element elementor-element-adbe800 elementor-align-center elementor-widget elementor-widget-button\" data-id=\"adbe800\" data-element_type=\"widget\" data-widget_type=\"button.default\">\n\t\t\t\t<div class=\"elementor-widget-container\">\n\t\t\t\t\t\t\t\t\t<div class=\"elementor-button-wrapper\">\n\t\t\t\t\t<a class=\"elementor-button elementor-button-link elementor-size-sm\" href=\"https:\/\/www.miriamtorrente.com\/servicios\/\">\n\t\t\t\t\t\t<span class=\"elementor-button-content-wrapper\">\n\t\t\t\t\t\t\t\t\t<span class=\"elementor-button-text\">PI\u00d9 INFO<\/span>\n\t\t\t\t\t<\/span>\n\t\t\t\t\t<\/a>\n\t\t\t\t<\/div>\n\t\t\t\t\t\t\t\t<\/div>\n\t\t\t\t<\/div>\n\t\t\t\t\t<\/div>\n\t\t<\/div>\n\t\t\t\t\t<\/div>\n\t\t<\/section>\n\t\t\t\t<section class=\"elementor-section elementor-top-section elementor-element elementor-element-a58611c elementor-section-full_width elementor-section-height-default elementor-section-height-default\" data-id=\"a58611c\" data-element_type=\"section\">\n\t\t\t\t\t\t<div class=\"elementor-container elementor-column-gap-no\">\n\t\t\t\t\t<div class=\"elementor-column elementor-col-100 elementor-top-column elementor-element elementor-element-8caa0a4\" data-id=\"8caa0a4\" data-element_type=\"column\">\n\t\t\t<div class=\"elementor-widget-wrap elementor-element-populated\">\n\t\t\t\t\t\t<section class=\"elementor-section elementor-inner-section elementor-element elementor-element-84c73aa elementor-section-boxed elementor-section-height-default elementor-section-height-default\" data-id=\"84c73aa\" data-element_type=\"section\">\n\t\t\t\t\t\t<div class=\"elementor-container elementor-column-gap-default\">\n\t\t\t\t\t<div class=\"elementor-column elementor-col-50 elementor-inner-column elementor-element elementor-element-d38a863\" data-id=\"d38a863\" data-element_type=\"column\">\n\t\t\t<div class=\"elementor-widget-wrap elementor-element-populated\">\n\t\t\t\t\t\t<div class=\"elementor-element elementor-element-32698f7 elementor-widget elementor-widget-image\" data-id=\"32698f7\" data-element_type=\"widget\" data-widget_type=\"image.default\">\n\t\t\t\t<div class=\"elementor-widget-container\">\n\t\t\t\t\t\t\t\t\t\t\t\t\t\t\t<img fetchpriority=\"high\" decoding=\"async\" width=\"2048\" height=\"1360\" src=\"https:\/\/www.miriamtorrente.com\/wp-content\/uploads\/2021\/02\/home.jpg\" class=\"attachment-full size-full wp-image-717\" alt=\"\" srcset=\"https:\/\/www.miriamtorrente.com\/wp-content\/uploads\/2021\/02\/home.jpg 2048w, https:\/\/www.miriamtorrente.com\/wp-content\/uploads\/2021\/02\/home-600x398.jpg 600w, https:\/\/www.miriamtorrente.com\/wp-content\/uploads\/2021\/02\/home-300x199.jpg 300w, https:\/\/www.miriamtorrente.com\/wp-content\/uploads\/2021\/02\/home-1024x680.jpg 1024w, https:\/\/www.miriamtorrente.com\/wp-content\/uploads\/2021\/02\/home-768x510.jpg 768w, https:\/\/www.miriamtorrente.com\/wp-content\/uploads\/2021\/02\/home-1536x1020.jpg 1536w\" sizes=\"(max-width: 2048px) 100vw, 2048px\" \/>\t\t\t\t\t\t\t\t\t\t\t\t\t\t\t<\/div>\n\t\t\t\t<\/div>\n\t\t\t\t\t<\/div>\n\t\t<\/div>\n\t\t\t\t<div class=\"elementor-column elementor-col-50 elementor-inner-column elementor-element elementor-element-6312eba\" data-id=\"6312eba\" data-element_type=\"column\">\n\t\t\t<div class=\"elementor-widget-wrap elementor-element-populated\">\n\t\t\t\t\t\t<div class=\"elementor-element elementor-element-fff9dc1 elementor-widget-divider--view-line elementor-widget elementor-widget-divider\" data-id=\"fff9dc1\" data-element_type=\"widget\" data-settings=\"{&quot;motion_fx_motion_fx_scrolling&quot;:&quot;yes&quot;,&quot;motion_fx_translateX_effect&quot;:&quot;yes&quot;,&quot;motion_fx_translateX_affectedRange&quot;:{&quot;unit&quot;:&quot;%&quot;,&quot;size&quot;:&quot;&quot;,&quot;sizes&quot;:{&quot;start&quot;:0,&quot;end&quot;:50}},&quot;motion_fx_range&quot;:&quot;viewport&quot;,&quot;motion_fx_translateX_speed&quot;:{&quot;unit&quot;:&quot;px&quot;,&quot;size&quot;:4,&quot;sizes&quot;:[]},&quot;motion_fx_devices&quot;:[&quot;desktop&quot;,&quot;tablet&quot;,&quot;mobile&quot;]}\" data-widget_type=\"divider.default\">\n\t\t\t\t<div class=\"elementor-widget-container\">\n\t\t\t\t\t\t\t<div class=\"elementor-divider\">\n\t\t\t<span class=\"elementor-divider-separator\">\n\t\t\t\t\t\t<\/span>\n\t\t<\/div>\n\t\t\t\t\t\t<\/div>\n\t\t\t\t<\/div>\n\t\t\t\t<div class=\"elementor-element elementor-element-4d2b465 elementor-widget elementor-widget-heading\" data-id=\"4d2b465\" data-element_type=\"widget\" data-settings=\"{&quot;motion_fx_motion_fx_scrolling&quot;:&quot;yes&quot;,&quot;motion_fx_translateX_effect&quot;:&quot;yes&quot;,&quot;motion_fx_translateX_affectedRange&quot;:{&quot;unit&quot;:&quot;%&quot;,&quot;size&quot;:&quot;&quot;,&quot;sizes&quot;:{&quot;start&quot;:0,&quot;end&quot;:50}},&quot;motion_fx_range&quot;:&quot;viewport&quot;,&quot;motion_fx_translateX_speed&quot;:{&quot;unit&quot;:&quot;px&quot;,&quot;size&quot;:4,&quot;sizes&quot;:[]},&quot;motion_fx_devices&quot;:[&quot;desktop&quot;,&quot;tablet&quot;,&quot;mobile&quot;]}\" data-widget_type=\"heading.default\">\n\t\t\t\t<div class=\"elementor-widget-container\">\n\t\t\t\t\t<h2 class=\"elementor-heading-title elementor-size-default\">ABOUT ME<\/h2>\t\t\t\t<\/div>\n\t\t\t\t<\/div>\n\t\t\t\t<div class=\"elementor-element elementor-element-0e7c51e elementor-widget elementor-widget-text-editor\" data-id=\"0e7c51e\" data-element_type=\"widget\" data-widget_type=\"text-editor.default\">\n\t\t\t\t<div class=\"elementor-widget-container\">\n\t\t\t\t\t\t\t\t\t<p>Consulente di Marketing Digitale e\u00a0 New Media Strategist Freelance.<br \/>Docente di\u00a0 Strategie di marketing digitale Specializzata in:\u00a0<br \/>Creazione della Strategia Online Gestione della\u00a0 Crisis Online, Facebook Ads e Instagram Ads per\u00a0 Ecommerce, eventi e piccole e medie aziende<\/p>\t\t\t\t\t\t\t\t<\/div>\n\t\t\t\t<\/div>\n\t\t\t\t<div class=\"elementor-element elementor-element-3f5cc53 elementor-align-center elementor-invisible elementor-widget elementor-widget-button\" data-id=\"3f5cc53\" data-element_type=\"widget\" data-settings=\"{&quot;_animation&quot;:&quot;zoomIn&quot;}\" data-widget_type=\"button.default\">\n\t\t\t\t<div class=\"elementor-widget-container\">\n\t\t\t\t\t\t\t\t\t<div class=\"elementor-button-wrapper\">\n\t\t\t\t\t<a class=\"elementor-button elementor-button-link elementor-size-sm\" href=\"https:\/\/www.miriamtorrente.com\/about-me\/\">\n\t\t\t\t\t\t<span class=\"elementor-button-content-wrapper\">\n\t\t\t\t\t\t\t\t\t<span class=\"elementor-button-text\">PI\u00d9 INFO<\/span>\n\t\t\t\t\t<\/span>\n\t\t\t\t\t<\/a>\n\t\t\t\t<\/div>\n\t\t\t\t\t\t\t\t<\/div>\n\t\t\t\t<\/div>\n\t\t\t\t\t<\/div>\n\t\t<\/div>\n\t\t\t\t\t<\/div>\n\t\t<\/section>\n\t\t\t\t\t<\/div>\n\t\t<\/div>\n\t\t\t\t\t<\/div>\n\t\t<\/section>\n\t\t\t\t<\/div>\n\t\t","protected":false},"excerpt":{"rendered":"<p>FORMAZIONE Vuoi imparare a gestire i social media della tua attivit\u00e0 e a raggiungere i tuoi obiettivi autonomamente? PI\u00d9 INFO CONSULENZA Vuoi ottimizzare le tue campagne pubblicitarie o la tua strategia di marketing digitale? PI\u00d9 INFO MARKETING DIGITALE Vuoi che ti aiuto nella gestione dei social media e a raggiungere i tuoi obiettivi? PI\u00d9 INFO [&hellip;]<\/p>\n","protected":false},"author":1,"featured_media":0,"parent":0,"menu_order":0,"comment_status":"closed","ping_status":"closed","template":"","meta":{"ocean_post_layout":"full-screen","ocean_both_sidebars_style":"","ocean_both_sidebars_content_width":0,"ocean_both_sidebars_sidebars_width":0,"ocean_sidebar":"0","ocean_second_sidebar":"0","ocean_disable_margins":"on","ocean_add_body_class":"","ocean_shortcode_before_top_bar":"","ocean_shortcode_after_top_bar":"","ocean_shortcode_before_header":"","ocean_shortcode_after_header":"","ocean_has_shortcode":"","ocean_shortcode_after_title":"","ocean_shortcode_before_footer_widgets":"","ocean_shortcode_after_footer_widgets":"","ocean_shortcode_before_footer_bottom":"","ocean_shortcode_after_footer_bottom":"","ocean_display_top_bar":"default","ocean_display_header":"default","ocean_header_style":"","ocean_center_header_left_menu":"0","ocean_custom_header_template":"0","ocean_custom_logo":0,"ocean_custom_retina_logo":0,"ocean_custom_logo_max_width":0,"ocean_custom_logo_tablet_max_width":0,"ocean_custom_logo_mobile_max_width":0,"ocean_custom_logo_max_height":0,"ocean_custom_logo_tablet_max_height":0,"ocean_custom_logo_mobile_max_height":0,"ocean_header_custom_menu":"0","ocean_menu_typo_font_family":"0","ocean_menu_typo_font_subset":"","ocean_menu_typo_font_size":0,"ocean_menu_typo_font_size_tablet":0,"ocean_menu_typo_font_size_mobile":0,"ocean_menu_typo_font_size_unit":"px","ocean_menu_typo_font_weight":"","ocean_menu_typo_font_weight_tablet":"","ocean_menu_typo_font_weight_mobile":"","ocean_menu_typo_transform":"","ocean_menu_typo_transform_tablet":"","ocean_menu_typo_transform_mobile":"","ocean_menu_typo_line_height":0,"ocean_menu_typo_line_height_tablet":0,"ocean_menu_typo_line_height_mobile":0,"ocean_menu_typo_line_height_unit":"","ocean_menu_typo_spacing":0,"ocean_menu_typo_spacing_tablet":0,"ocean_menu_typo_spacing_mobile":0,"ocean_menu_typo_spacing_unit":"","ocean_menu_link_color":"","ocean_menu_link_color_hover":"","ocean_menu_link_color_active":"","ocean_menu_link_background":"","ocean_menu_link_hover_background":"","ocean_menu_link_active_background":"","ocean_menu_social_links_bg":"","ocean_menu_social_hover_links_bg":"","ocean_menu_social_links_color":"","ocean_menu_social_hover_links_color":"","ocean_disable_title":"on","ocean_disable_heading":"default","ocean_post_title":"","ocean_post_subheading":"","ocean_post_title_style":"","ocean_post_title_background_color":"","ocean_post_title_background":0,"ocean_post_title_bg_image_position":"","ocean_post_title_bg_image_attachment":"","ocean_post_title_bg_image_repeat":"","ocean_post_title_bg_image_size":"","ocean_post_title_height":0,"ocean_post_title_bg_overlay":0.5,"ocean_post_title_bg_overlay_color":"","ocean_disable_breadcrumbs":"default","ocean_breadcrumbs_color":"","ocean_breadcrumbs_separator_color":"","ocean_breadcrumbs_links_color":"","ocean_breadcrumbs_links_hover_color":"","ocean_display_footer_widgets":"default","ocean_display_footer_bottom":"default","ocean_custom_footer_template":"0","_glsr_average":0,"_glsr_ranking":0,"_glsr_reviews":0,"footnotes":""},"class_list":["post-707","page","type-page","status-publish","hentry","entry"],"yoast_head":"<!-- This site is optimized with the Yoast SEO plugin v26.7 - https:\/\/yoast.com\/wordpress\/plugins\/seo\/ -->\n<title>Home - Miriam Torrente<\/title>\n<meta name=\"robots\" content=\"index, follow, max-snippet:-1, max-image-preview:large, max-video-preview:-1\" \/>\n<link rel=\"canonical\" href=\"https:\/\/www.miriamtorrente.com\/it\/\" \/>\n<meta property=\"og:locale\" content=\"it_IT\" \/>\n<meta property=\"og:type\" content=\"article\" \/>\n<meta property=\"og:title\" content=\"Home - Miriam Torrente\" \/>\n<meta property=\"og:description\" content=\"FORMAZIONE Vuoi imparare a gestire i social media della tua attivit\u00e0 e a raggiungere i tuoi obiettivi autonomamente? PI\u00d9 INFO CONSULENZA Vuoi ottimizzare le tue campagne pubblicitarie o la tua strategia di marketing digitale? PI\u00d9 INFO MARKETING DIGITALE Vuoi che ti aiuto nella gestione dei social media e a raggiungere i tuoi obiettivi? PI\u00d9 INFO [&hellip;]\" \/>\n<meta property=\"og:url\" content=\"https:\/\/www.miriamtorrente.com\/it\/\" \/>\n<meta property=\"og:site_name\" content=\"Miriam Torrente\" \/>\n<meta property=\"article:publisher\" content=\"https:\/\/www.facebook.com\/miriam.torrente1\" \/>\n<meta property=\"article:modified_time\" content=\"2021-09-20T14:12:12+00:00\" \/>\n<meta property=\"og:image\" content=\"https:\/\/www.miriamtorrente.com\/wp-content\/uploads\/2021\/02\/home.jpg\" \/>\n<meta name=\"twitter:card\" content=\"summary_large_image\" \/>\n<meta name=\"twitter:label1\" content=\"Tempo di lettura stimato\" \/>\n\t<meta name=\"twitter:data1\" content=\"1 minuto\" \/>\n<script type=\"application\/ld+json\" class=\"yoast-schema-graph\">{\"@context\":\"https:\/\/schema.org\",\"@graph\":[{\"@type\":\"WebPage\",\"@id\":\"https:\/\/www.miriamtorrente.com\/it\/\",\"url\":\"https:\/\/www.miriamtorrente.com\/it\/\",\"name\":\"Home - Miriam Torrente\",\"isPartOf\":{\"@id\":\"https:\/\/www.miriamtorrente.com\/it\/#website\"},\"primaryImageOfPage\":{\"@id\":\"https:\/\/www.miriamtorrente.com\/it\/#primaryimage\"},\"image\":{\"@id\":\"https:\/\/www.miriamtorrente.com\/it\/#primaryimage\"},\"thumbnailUrl\":\"https:\/\/www.miriamtorrente.com\/wp-content\/uploads\/2021\/02\/home.jpg\",\"datePublished\":\"2018-10-28T11:01:25+00:00\",\"dateModified\":\"2021-09-20T14:12:12+00:00\",\"breadcrumb\":{\"@id\":\"https:\/\/www.miriamtorrente.com\/it\/#breadcrumb\"},\"inLanguage\":\"it-IT\",\"potentialAction\":[{\"@type\":\"ReadAction\",\"target\":[\"https:\/\/www.miriamtorrente.com\/it\/\"]}]},{\"@type\":\"ImageObject\",\"inLanguage\":\"it-IT\",\"@id\":\"https:\/\/www.miriamtorrente.com\/it\/#primaryimage\",\"url\":\"https:\/\/www.miriamtorrente.com\/wp-content\/uploads\/2021\/02\/home.jpg\",\"contentUrl\":\"https:\/\/www.miriamtorrente.com\/wp-content\/uploads\/2021\/02\/home.jpg\"},{\"@type\":\"BreadcrumbList\",\"@id\":\"https:\/\/www.miriamtorrente.com\/it\/#breadcrumb\",\"itemListElement\":[{\"@type\":\"ListItem\",\"position\":1,\"name\":\"Portada\",\"item\":\"https:\/\/www.miriamtorrente.com\/it\/home\/\"},{\"@type\":\"ListItem\",\"position\":2,\"name\":\"Home\"}]},{\"@type\":\"WebSite\",\"@id\":\"https:\/\/www.miriamtorrente.com\/it\/#website\",\"url\":\"https:\/\/www.miriamtorrente.com\/it\/\",\"name\":\"Miriam Torrente\",\"description\":\"Miriam Torrente\",\"publisher\":{\"@id\":\"https:\/\/www.miriamtorrente.com\/it\/#\/schema\/person\/5f46bcf951df66c4dee578600519c662\"},\"potentialAction\":[{\"@type\":\"SearchAction\",\"target\":{\"@type\":\"EntryPoint\",\"urlTemplate\":\"https:\/\/www.miriamtorrente.com\/it\/?s={search_term_string}\"},\"query-input\":{\"@type\":\"PropertyValueSpecification\",\"valueRequired\":true,\"valueName\":\"search_term_string\"}}],\"inLanguage\":\"it-IT\"},{\"@type\":[\"Person\",\"Organization\"],\"@id\":\"https:\/\/www.miriamtorrente.com\/it\/#\/schema\/person\/5f46bcf951df66c4dee578600519c662\",\"name\":\"miriam\",\"image\":{\"@type\":\"ImageObject\",\"inLanguage\":\"it-IT\",\"@id\":\"https:\/\/www.miriamtorrente.com\/it\/#\/schema\/person\/image\/\",\"url\":\"https:\/\/www.miriamtorrente.com\/wp-content\/uploads\/2021\/01\/cropped-LOGO-MIRIAM-TORRENTE-1-e1610531374330.png\",\"contentUrl\":\"https:\/\/www.miriamtorrente.com\/wp-content\/uploads\/2021\/01\/cropped-LOGO-MIRIAM-TORRENTE-1-e1610531374330.png\",\"width\":150,\"height\":139,\"caption\":\"miriam\"},\"logo\":{\"@id\":\"https:\/\/www.miriamtorrente.com\/it\/#\/schema\/person\/image\/\"},\"sameAs\":[\"https:\/\/www.facebook.com\/miriam.torrente1\",\"https:\/\/www.instagram.com\/miriamtorrente\",\"https:\/\/www.linkedin.com\/in\/miriamtorrente\"]}]}<\/script>\n<!-- \/ Yoast SEO plugin. -->","yoast_head_json":{"title":"Home - Miriam Torrente","robots":{"index":"index","follow":"follow","max-snippet":"max-snippet:-1","max-image-preview":"max-image-preview:large","max-video-preview":"max-video-preview:-1"},"canonical":"https:\/\/www.miriamtorrente.com\/it\/","og_locale":"it_IT","og_type":"article","og_title":"Home - Miriam Torrente","og_description":"FORMAZIONE Vuoi imparare a gestire i social media della tua attivit\u00e0 e a raggiungere i tuoi obiettivi autonomamente? PI\u00d9 INFO CONSULENZA Vuoi ottimizzare le tue campagne pubblicitarie o la tua strategia di marketing digitale? PI\u00d9 INFO MARKETING DIGITALE Vuoi che ti aiuto nella gestione dei social media e a raggiungere i tuoi obiettivi? PI\u00d9 INFO [&hellip;]","og_url":"https:\/\/www.miriamtorrente.com\/it\/","og_site_name":"Miriam Torrente","article_publisher":"https:\/\/www.facebook.com\/miriam.torrente1","article_modified_time":"2021-09-20T14:12:12+00:00","og_image":[{"url":"https:\/\/www.miriamtorrente.com\/wp-content\/uploads\/2021\/02\/home.jpg","type":"","width":"","height":""}],"twitter_card":"summary_large_image","twitter_misc":{"Tempo di lettura stimato":"1 minuto"},"schema":{"@context":"https:\/\/schema.org","@graph":[{"@type":"WebPage","@id":"https:\/\/www.miriamtorrente.com\/it\/","url":"https:\/\/www.miriamtorrente.com\/it\/","name":"Home - Miriam Torrente","isPartOf":{"@id":"https:\/\/www.miriamtorrente.com\/it\/#website"},"primaryImageOfPage":{"@id":"https:\/\/www.miriamtorrente.com\/it\/#primaryimage"},"image":{"@id":"https:\/\/www.miriamtorrente.com\/it\/#primaryimage"},"thumbnailUrl":"https:\/\/www.miriamtorrente.com\/wp-content\/uploads\/2021\/02\/home.jpg","datePublished":"2018-10-28T11:01:25+00:00","dateModified":"2021-09-20T14:12:12+00:00","breadcrumb":{"@id":"https:\/\/www.miriamtorrente.com\/it\/#breadcrumb"},"inLanguage":"it-IT","potentialAction":[{"@type":"ReadAction","target":["https:\/\/www.miriamtorrente.com\/it\/"]}]},{"@type":"ImageObject","inLanguage":"it-IT","@id":"https:\/\/www.miriamtorrente.com\/it\/#primaryimage","url":"https:\/\/www.miriamtorrente.com\/wp-content\/uploads\/2021\/02\/home.jpg","contentUrl":"https:\/\/www.miriamtorrente.com\/wp-content\/uploads\/2021\/02\/home.jpg"},{"@type":"BreadcrumbList","@id":"https:\/\/www.miriamtorrente.com\/it\/#breadcrumb","itemListElement":[{"@type":"ListItem","position":1,"name":"Portada","item":"https:\/\/www.miriamtorrente.com\/it\/home\/"},{"@type":"ListItem","position":2,"name":"Home"}]},{"@type":"WebSite","@id":"https:\/\/www.miriamtorrente.com\/it\/#website","url":"https:\/\/www.miriamtorrente.com\/it\/","name":"Miriam Torrente","description":"Miriam Torrente","publisher":{"@id":"https:\/\/www.miriamtorrente.com\/it\/#\/schema\/person\/5f46bcf951df66c4dee578600519c662"},"potentialAction":[{"@type":"SearchAction","target":{"@type":"EntryPoint","urlTemplate":"https:\/\/www.miriamtorrente.com\/it\/?s={search_term_string}"},"query-input":{"@type":"PropertyValueSpecification","valueRequired":true,"valueName":"search_term_string"}}],"inLanguage":"it-IT"},{"@type":["Person","Organization"],"@id":"https:\/\/www.miriamtorrente.com\/it\/#\/schema\/person\/5f46bcf951df66c4dee578600519c662","name":"miriam","image":{"@type":"ImageObject","inLanguage":"it-IT","@id":"https:\/\/www.miriamtorrente.com\/it\/#\/schema\/person\/image\/","url":"https:\/\/www.miriamtorrente.com\/wp-content\/uploads\/2021\/01\/cropped-LOGO-MIRIAM-TORRENTE-1-e1610531374330.png","contentUrl":"https:\/\/www.miriamtorrente.com\/wp-content\/uploads\/2021\/01\/cropped-LOGO-MIRIAM-TORRENTE-1-e1610531374330.png","width":150,"height":139,"caption":"miriam"},"logo":{"@id":"https:\/\/www.miriamtorrente.com\/it\/#\/schema\/person\/image\/"},"sameAs":["https:\/\/www.facebook.com\/miriam.torrente1","https:\/\/www.instagram.com\/miriamtorrente","https:\/\/www.linkedin.com\/in\/miriamtorrente"]}]}},"_links":{"self":[{"href":"https:\/\/www.miriamtorrente.com\/it\/wp-json\/wp\/v2\/pages\/707","targetHints":{"allow":["GET"]}}],"collection":[{"href":"https:\/\/www.miriamtorrente.com\/it\/wp-json\/wp\/v2\/pages"}],"about":[{"href":"https:\/\/www.miriamtorrente.com\/it\/wp-json\/wp\/v2\/types\/page"}],"author":[{"embeddable":true,"href":"https:\/\/www.miriamtorrente.com\/it\/wp-json\/wp\/v2\/users\/1"}],"replies":[{"embeddable":true,"href":"https:\/\/www.miriamtorrente.com\/it\/wp-json\/wp\/v2\/comments?post=707"}],"version-history":[{"count":0,"href":"https:\/\/www.miriamtorrente.com\/it\/wp-json\/wp\/v2\/pages\/707\/revisions"}],"wp:attachment":[{"href":"https:\/\/www.miriamtorrente.com\/it\/wp-json\/wp\/v2\/media?parent=707"}],"curies":[{"name":"wp","href":"https:\/\/api.w.org\/{rel}","templated":true}]}}